{"id":114,"date":"2012-12-23T21:23:16","date_gmt":"2012-12-23T20:23:16","guid":{"rendered":"http:\/\/pubweb.carnet.hr\/turic\/?page_id=114"},"modified":"2014-09-30T21:47:14","modified_gmt":"2014-09-30T19:47:14","slug":"povijesni-pregled","status":"publish","type":"page","link":"https:\/\/turic.hr\/?page_id=114","title":{"rendered":"Povijesni pregled &#8211; NK Dinamo Turi\u0107"},"content":{"rendered":"<p>Na podru\u010dju Grada\u010da\u010dkoga sreza 1952. godine pristupilo se o\u017eivljavanju sportskih aktivnosti po selima. Osobito je bilo zna\u010dajno formiranje nogometnih klubova, a me\u0111u prvima osnovani su u Turi\u0107u, D. Tramo\u0161nici, Vu\u010dkovcima, Ledenicama, Skugri\u0107u, Hrgovima i Srnicama. Nogometni klub iz Turi\u0107a na po\u010detku se zvao Budu\u0107nost, a od 1964. godine nosi naziv Dinamo. Prva generacija iz pedesetih godina imala je zapa\u017eene rezultate, a neki od igra\u010da koji su igrali u to vrijeme bili su: Ilija Matanovi\u0107 \u2013 Iljkan, Vinko \u0110ordi\u0107, Ivo Zeti\u0107, Jozo Duvnjak, Mato \u010ci\u010di\u0107, Marko Roleti\u0107, Kemo \u0160uba\u0161i\u0107, Ne\u0111o Mitrovi\u0107 i dr. Najbolji igra\u010di tog vremena bili su Ilija Matanovi\u0107 i Vinko \u0110ordi\u0107. Igrali\u0161te je bilo izme\u0111u Zadru\u017enog doma i \u0161kole a jedan od najvjernijih navija\u010da i ljubitelja nogometne igre bio je Jurko Itri\u0107. Na utakmice se naj\u010de\u0161\u0107e putovalo konjskim zapregama a ponekad i pje\u0161ice.<\/p>\n<p>Godine 1964. klub je obnovljen pod novim imenom Dinamo. U periodu od 1964. \u2013 1970. godine klub je imao vrlo jaku mom\u010dad i zapa\u017eene uspjehe, a igralo se na novom igrali\u0161tu kod gostionice Mi\u0107e Matanovi\u0107.<\/p>\n<p>Igra\u010di koji su igrali u to vrijeme bili su: Marjan Itri\u0107, Mato Itri\u0107, Ivo Itri\u0107, Anto Tom\u0161i\u0107 \u2013 Tunja, Luka Matanovi\u0107, Toma Lu\u010di\u0107, \u0160tefko Duvnjak, Stjepan Ivki\u0107 \u2013 Bana, Jozo Lu\u010di\u0107, Ivo \u0110ordi\u0107 \u2013 Iv\u010din, Fabijan Zovki\u0107, Pero Zovki\u0107, Ilija Lu\u010di\u0107, Edhem Rabi\u0107, Asim Bistri\u0107, \u0106amil Muji\u0107 (vjerojatno je to mati\u010dar u Mionici koji se spominje u knjigama Julijane Matanovi\u0107, Iljkanove k\u0107erke), Toma \u0160ok\u010devi\u0107, Milan Novakovi\u0107, Fabijan \u010cubela, Ivo Matanovi\u0107 \u2013 Sarajlija, Pejo Zeti\u0107, Ilija Grgi\u0107 i dr.<\/p>\n<p><strong>Zna\u010dajan uspjeh postignut je 1965. godine osvajanjem jakog turnira u Tramo\u0161nici.<\/strong><br \/>\n<strong> Neke od pobjeda iz tog perioda su:<\/strong><\/p>\n<table style=\"height: 156px;width: 350px\">\n<tbody>\n<tr>\n<td style=\"text-align: center\"><strong>Susret<\/strong><\/td>\n<td style=\"text-align: center\"><strong>Rezultat<\/strong><\/td>\n<\/tr>\n<tr>\n<td style=\"text-align: center\">PELEGI\u0106EVO &#8211; DINAMO<\/td>\n<td style=\"text-align: center\">2 : 7<\/td>\n<\/tr>\n<tr>\n<td style=\"text-align: center\">DINAMO &#8211; SRNICE<\/td>\n<td style=\"text-align: center\">5 : 1<\/td>\n<\/tr>\n<tr>\n<td style=\"text-align: center\">DINAMO &#8211; HRGOVI<\/td>\n<td style=\"text-align: center\">3 : 0<\/td>\n<\/tr>\n<\/tbody>\n<\/table>\n<p>U periodu od 1975. \u2013 1977. zbog velikog broja igra\u010da u Turi\u0107u su postojala dva nogometna kluba. Osim Dinama osnovan je i klub u zaseoku Lipora\u0161\u0107e &#8211; NK Mladost. Nakon kra\u0107e stanke klub je ponovno obnovljen 1981. godine, a utakmice su igrane na novom igrali\u0161tu u centru sela iza crkve. Klub je od svoga osnivanja tri puta mijenjao lokaciju igrali\u0161ta. Novo igrali\u0161te bilo je iznimno velikih dimenzija \u010dak i za me\u0111unarodna pravila (110 x 67 m).<\/p>\n<p>Najve\u0107i uspjesi postignuti su u periodu od 1981. \u2013 1987. a osobito u sezoni 1984\/85. godina (3. mjesto na ONL GRADA\u010cAC). Ekipa je bila vrlo mlada, perspektivna, ali i vrlo neiskusna, s prosjekom od dvadesetak godina. U perodu od 1981. \u2013 1991. godine za klub je igralo vi\u0161e od pedesetak igra\u010da i nekoliko &#8220;stranaca&#8221; \u2013 iz drugih sela. Nabrojat \u0107emo imena ve\u0107ine igra\u010da koji su igrali u tom periodu: Petar Gavranovi\u0107, Pero Josipovi\u0107, Anto Vrdoljak \u2013 Mrki, Stjepan Vrdoljak, Pero Duvnjak, Josip Duvnjak, Niko Duvnjak, Ivo Duvnjak, Juro Duvnjak, Mirko Gavranovi\u0107, Luka \u0160ari\u0107, Drago Mikuli\u0107, Ilija Ratki\u0107, Marjan \u0110ordi\u0107, Marko Perkuni\u0107, Dra\u017ean Matanovi\u0107, Nikola Matanovi\u0107 \u2013 Kigen, Ivo Grgri\u0107, Jakov Ivki\u0107, Mato Vrdoljak, Josip Vrdoljak, Franjo Mati\u0107, Mato Ivki\u0107, Mato \u0160ari\u0107 \u00a0&#8211; Kole, Ivo Perkuni\u0107, Mijo Perkuni\u0107, Anto Perkuni\u0107, Josip Matanovi\u0107, Andrija \u0160ari\u0107, Pero \u010celebi\u0107, Marko Lu\u010di\u0107, Matija \u0160ari\u0107, Mato \u0160ok\u010devi\u0107 i dr.<\/p>\n<p>Od igra\u010da iz drugih mjesta nabrajamo slijede\u0107e: Drago Simi\u0107 \u2013 Simaga (sigurno jedan od boljih vratara u povijesti kluba), Amir Klopi\u0107 \u2013 Ma\u010dak, Anto Vla\u0161i\u0107 \u2013 Mrgud, Ante Blagovi\u0107 i bra\u0107a Pero i Marinko \u0160estan.<\/p>\n<p>Zna\u010dajni uspjesi postignuti su osvajanjem turnira u Bla\u017eevcu 1982. godine, i Tramo\u0161nici 1983. godine.<\/p>\n<p>Neke od zna\u010dajnijih utakmica u periodu od 1981. \u2013 1987. godine:<\/p>\n<p><strong>TURNIRSKE UTAKMICE:<\/strong><\/p>\n<table style=\"height: 156px;width: 350px\">\n<tbody>\n<tr>\n<td style=\"text-align: center\"><strong>Susret<\/strong><\/td>\n<td style=\"text-align: center\"><strong>Rezultat<\/strong><\/td>\n<\/tr>\n<tr>\n<td style=\"text-align: center\">DINAMO &#8211; POSAVINA<\/td>\n<td style=\"text-align: center\">3 : 0<\/td>\n<\/tr>\n<tr>\n<td style=\"text-align: center\">DINAMO PELEGI\u0106EVO<\/td>\n<td style=\"text-align: center\">2 : 0<\/td>\n<\/tr>\n<\/tbody>\n<\/table>\n<p><strong>KUP UTAKMICE:<\/strong><\/p>\n<table style=\"height: 156px;width: 350px\">\n<tbody>\n<tr>\n<td style=\"text-align: center\"><strong>Susret<\/strong><\/td>\n<td style=\"text-align: center\"><strong>Rezultat<\/strong><\/td>\n<\/tr>\n<tr>\n<td style=\"text-align: center\">DINAMO &#8211; BIBEROVO POLJE<\/td>\n<td style=\"text-align: center\">3 : 1 i 4 : 4<\/td>\n<\/tr>\n<tr>\n<td style=\"text-align: center\">DINAMO &#8211; POSAVKA<\/td>\n<td style=\"text-align: center\">5 : 3<\/td>\n<\/tr>\n<tr>\n<td style=\"text-align: center\">BOSNA &#8211; DINAMO<\/td>\n<td style=\"text-align: center\">0 : 3<\/td>\n<\/tr>\n<\/tbody>\n<\/table>\n","protected":false},"excerpt":{"rendered":"<p>Na podru\u010dju Grada\u010da\u010dkoga sreza 1952. godine pristupilo se o\u017eivljavanju sportskih aktivnosti po selima. Osobito je bilo zna\u010dajno formiranje nogometnih klubova, a me\u0111u prvima osnovani su u Turi\u0107u, D. Tramo\u0161nici, Vu\u010dkovcima, Ledenicama, Skugri\u0107u, Hrgovima i Srnicama. Nogometni klub iz Turi\u0107a na po\u010detku se zvao Budu\u0107nost, a od 1964. godine nosi naziv Dinamo. Prva generacija iz pedesetih [&hellip;]<\/p>\n","protected":false},"author":185,"featured_media":0,"parent":0,"menu_order":0,"comment_status":"closed","ping_status":"closed","template":"","meta":{"footnotes":""},"class_list":["post-114","page","type-page","status-publish","hentry"],"_links":{"self":[{"href":"https:\/\/turic.hr\/index.php?rest_route=\/wp\/v2\/pages\/114","targetHints":{"allow":["GET"]}}],"collection":[{"href":"https:\/\/turic.hr\/index.php?rest_route=\/wp\/v2\/pages"}],"about":[{"href":"https:\/\/turic.hr\/index.php?rest_route=\/wp\/v2\/types\/page"}],"author":[{"embeddable":true,"href":"https:\/\/turic.hr\/index.php?rest_route=\/wp\/v2\/users\/185"}],"replies":[{"embeddable":true,"href":"https:\/\/turic.hr\/index.php?rest_route=%2Fwp%2Fv2%2Fcomments&post=114"}],"version-history":[{"count":0,"href":"https:\/\/turic.hr\/index.php?rest_route=\/wp\/v2\/pages\/114\/revisions"}],"wp:attachment":[{"href":"https:\/\/turic.hr\/index.php?rest_route=%2Fwp%2Fv2%2Fmedia&parent=114"}],"curies":[{"name":"wp","href":"https:\/\/api.w.org\/{rel}","templated":true}]}}