{"id":139,"date":"2012-12-23T21:51:33","date_gmt":"2012-12-23T20:51:33","guid":{"rendered":"http:\/\/pubweb.carnet.hr\/turic\/?page_id=139"},"modified":"2014-09-30T21:51:58","modified_gmt":"2014-09-30T19:51:58","slug":"himna-kluba-dinamo-turicki","status":"publish","type":"page","link":"https:\/\/turic.hr\/?page_id=139","title":{"rendered":"HIMNA KLUBA &#8211; DINAMO TURI\u0106KI"},"content":{"rendered":"<p style=\"text-align: center\">DINAMO TURI\u0106KI, BOSANSKO \u2013 POSAVSKI,<\/p>\n<p style=\"text-align: center\">DINAMO NA\u0160,<\/p>\n<p style=\"text-align: center\">DINAMO HRVATSKI.<\/p>\n<p style=\"text-align: center\">IZ TURI\u0106A, SELA POSAVSKOGA,<\/p>\n<p style=\"text-align: center\">IZ TURI\u0106A, SELA BOSANSKOGA,<\/p>\n<p style=\"text-align: center\">SVI SMO BRA\u0106A RODA HRVATSKOGA,<\/p>\n<p style=\"text-align: center\">POSAVLJACI JUNACI ODABRANI,<\/p>\n<p style=\"text-align: center\">NOGOMETNI MI SMO VETERANI.<\/p>\n<p style=\"text-align: center\">DESETLJE\u0106A PRIJE PET<\/p>\n<p style=\"text-align: center\">DINAMO TURI\u0106KI NAM UGLEDAO SVIJET.<\/p>\n<p style=\"text-align: center\">TURI\u0106ANI, SVI JUNACI, IGRALI SU NOGOMET.<\/p>\n<p style=\"text-align: center\">DEVEDESETIH PRO\u0160LOGA NAM STOLJE\u0106A<\/p>\n<p style=\"text-align: center\">TURI\u0106ANE ZADESI VELIKA NESRE\u0106A.<\/p>\n<p style=\"text-align: center\">A O TOME POVIJEST PI\u0160E,<\/p>\n<p style=\"text-align: center\">POSAVLJAKE SILOM SVE ISELI\u0160E.<\/p>\n<p style=\"text-align: center\">ISELI\u0160E NAS IZ TURI\u0106A U TIJEKU RATA,<\/p>\n<p style=\"text-align: center\">STIGOSMO U ZAGREB, GLAVNI GRAD HRVATA.<\/p>\n<p style=\"text-align: center\">NO PONOSNI HRVATI MI SMO BILI<\/p>\n<p style=\"text-align: center\">SVOJ DINAMO TURI\u0106KI U SRCU NOSILI<\/p>\n<p style=\"text-align: center\">I PRO\u0160LOGA LJETA OBNOVILI.<\/p>\n<p style=\"text-align: center\">DINAMO TURI\u0106KI, DINAMO MOJ<\/p>\n<p style=\"text-align: center\">ZA TEBE, AKO TREBA, IDEMO U BOJ.<\/p>\n<p style=\"text-align: center\">\u00a0I PJEVAJMO DINAMU IZ TURI\u0106A POSAVSKOG,<\/p>\n<p style=\"text-align: center\">NOGOMETNI VETERANI RODA HRVATSKOG:<\/p>\n<p style=\"text-align: center\"><strong>DINAMO TURI\u0106KI, BOSANSKO \u2013 POSAVSKI<\/strong><\/p>\n<p style=\"text-align: center\"><strong>DINAMO NA\u0160,<\/strong><\/p>\n<p style=\"text-align: center\"><strong>DINAMO HRVATSKI !<\/strong><\/p>\n","protected":false},"excerpt":{"rendered":"<p>DINAMO TURI\u0106KI, BOSANSKO \u2013 POSAVSKI, DINAMO NA\u0160, DINAMO HRVATSKI. IZ TURI\u0106A, SELA POSAVSKOGA, IZ TURI\u0106A, SELA BOSANSKOGA, SVI SMO BRA\u0106A RODA HRVATSKOGA, POSAVLJACI JUNACI ODABRANI, NOGOMETNI MI SMO VETERANI. DESETLJE\u0106A PRIJE PET DINAMO TURI\u0106KI NAM UGLEDAO SVIJET. TURI\u0106ANI, SVI JUNACI, IGRALI SU NOGOMET. DEVEDESETIH PRO\u0160LOGA NAM STOLJE\u0106A TURI\u0106ANE ZADESI VELIKA NESRE\u0106A. A O TOME POVIJEST [&hellip;]<\/p>\n","protected":false},"author":185,"featured_media":0,"parent":0,"menu_order":0,"comment_status":"closed","ping_status":"closed","template":"","meta":{"footnotes":""},"class_list":["post-139","page","type-page","status-publish","hentry"],"_links":{"self":[{"href":"https:\/\/turic.hr\/index.php?rest_route=\/wp\/v2\/pages\/139","targetHints":{"allow":["GET"]}}],"collection":[{"href":"https:\/\/turic.hr\/index.php?rest_route=\/wp\/v2\/pages"}],"about":[{"href":"https:\/\/turic.hr\/index.php?rest_route=\/wp\/v2\/types\/page"}],"author":[{"embeddable":true,"href":"https:\/\/turic.hr\/index.php?rest_route=\/wp\/v2\/users\/185"}],"replies":[{"embeddable":true,"href":"https:\/\/turic.hr\/index.php?rest_route=%2Fwp%2Fv2%2Fcomments&post=139"}],"version-history":[{"count":0,"href":"https:\/\/turic.hr\/index.php?rest_route=\/wp\/v2\/pages\/139\/revisions"}],"wp:attachment":[{"href":"https:\/\/turic.hr\/index.php?rest_route=%2Fwp%2Fv2%2Fmedia&parent=139"}],"curies":[{"name":"wp","href":"https:\/\/api.w.org\/{rel}","templated":true}]}}