{"id":142,"date":"2012-12-23T21:54:28","date_gmt":"2012-12-23T20:54:28","guid":{"rendered":"http:\/\/pubweb.carnet.hr\/turic\/?page_id=142"},"modified":"2014-09-30T21:55:43","modified_gmt":"2014-09-30T19:55:43","slug":"hilmija-sjecanja-na-hrabrog-covjeka","status":"publish","type":"page","link":"https:\/\/turic.hr\/?page_id=142","title":{"rendered":"Hilmija &#8211; sje\u0107anja na hrabrog \u010dovjeka"},"content":{"rendered":"<p><strong>Hilmija<\/strong> je do\u0161ao po\u010detkom svibnja 1992. godine.<\/p>\n<p>Iz Zagreba. Bilo ih je osam. Njegova je satnija raspore\u0111ena u Ora\u0161je. Na poziv jednog na\u0161eg mje\u0161tanina, koji je s njima putovao, njih osam, dragovoljno se javilo za Turi\u0107. Nijedan prije nije bio u Turi\u0107u. Hilmija se nije razlikovao od ostalih. Svoje redovne obveze izvr\u0161avao je kao i ostali. Kada smo, u po\u010detku, ponekad, imali problema s na\u0161im ljudima, ti su nam ljudi slu\u017eili za primjer. \u00abZagreba\u010dki de\u010dki\u00bb pro\u0161li su obuku u Jastrebarskom i od njih smo mogli \u0161to \u0161ta nau\u010diti.<\/p>\n<p>S vremenom smo se upoznali i sprijateljili. \u017divotni putovi ratnog okru\u017eja svakoga od njih odveli su na razli\u010dite strane. Jedino je Hilmija ostao u Turi\u0107u.<\/p>\n<p>Rodom od Sanskog Mosta, ve\u0107 deset godina u Zagrebu, apsolvent Prometnog fakulteta i strojovo\u0111a na \u017eeljeznici. Znao je, da mu je selo okupirano i da su mje\u0161tani protjerani. O roditeljima ni\u0161ta nije znao. Tjeskoba, neizvjesnost i strah za roditelje nisu ga pokolebali. Kao da mu je to davalo jo\u0161 ve\u0107u snagu. I onog dana, kada je u jednom selu kod Gra\u010danice razgovarao s prognanima iz susjednog sela i istog dana, kad je telefonom razgovarao s bratom u Prijedoru, Hilmija se nije predavao. Nisu mu ni\u0161ta znali re\u0107i za roditelje.<\/p>\n<p>Onda su zaredali srpski napadi: Sibovac, Babi\u0107a \u010cardak, Vida, Hrgovi, Orlovo Polje, Okrugli\u0107, Br\u0111ani, Vodica, Staro Selo, Lipora\u0161\u0107e. Sve su to mjesta, gdje je bio i Hilmija.<\/p>\n<p>U velikoj turi\u0107koj tragediji, kada smo gubili i ljude i selo, u svom tom mete\u017eu, kada su neki ljudi mislili da je daljnji oru\u017eani otpor uzaludan, Hilmija je ostao. U Turi\u0107u. Da se bori za Turi\u0107, kada ve\u0107 nije mogao za svoje selo. A mogao je birati, mogao je oti\u0107i. \u010cekao ga je Zagreb, posao, fakultet i miran, normalan \u017eivot. Tih dana, koncem kolovoza i po\u010detkom rujna nesretne \u00a092., kada pomo\u0107i nije bilo niotkud, vodila se \u017eestoka, o\u010dajni\u010dka borba za preostali dio Turi\u0107a. Bitka za Lipora\u0161\u0107e. U skoro svakodnevnim napadima, mnogostruko brojniji \u010detnici protiv iscrpljenih branitelja.<\/p>\n<p>U jednom takvom napadu, od \u010detni\u010dkog snajperiste, poginuo je Hilmija izvla\u010de\u0107i ranjenog suborca.<\/p>\n<p>Jednom sam pro\u010ditao: \u00ab<em>Put \u010dovje\u010diji nije u njegovoj vlasti, niti je \u010dovjeku koji hodi u vlasti da upravlja koracima svojim<\/em>\u00bb. Surovo? Ili Bogom dano? Hilmina pri\u010da jedna je od mnogih u ovoj na\u0161oj tragi\u010dnoj zbilji &#8211; Nino, Anto, Franjo, Butro, Petar, Marko, Adam, \u2026 svaka je pri\u010da za sebe. Mi te pri\u010de znamo. \u00a0Oni koji hodaju uspravno, zauvijek ostaju. Hilmija je sahranjen na mjesnom groblju u Mahmut Mahali. Zadu\u017eio nas je svojim zalaganjem, patnjom i \u017ertvom.<\/p>\n<p>Vje\u010dno ti hvala, dragi Hilmija. Nikada te ne\u0107emo zaboraviti.<\/p>\n<p style=\"text-align: right\"><em>prijatelji<\/em><\/p>\n<p>napomena:\u00a0<em>ova pri\u010da napisana je koncem 1993. za \u010dasopis Trans Montes &#8211; voljom uredni\u0161tva nikada nije objavljena.<\/em><\/p>\n","protected":false},"excerpt":{"rendered":"<p>Hilmija je do\u0161ao po\u010detkom svibnja 1992. godine. Iz Zagreba. Bilo ih je osam. Njegova je satnija raspore\u0111ena u Ora\u0161je. Na poziv jednog na\u0161eg mje\u0161tanina, koji je s njima putovao, njih osam, dragovoljno se javilo za Turi\u0107. Nijedan prije nije bio u Turi\u0107u. Hilmija se nije razlikovao od ostalih. Svoje redovne obveze izvr\u0161avao je kao i [&hellip;]<\/p>\n","protected":false},"author":185,"featured_media":0,"parent":0,"menu_order":0,"comment_status":"closed","ping_status":"closed","template":"","meta":{"footnotes":""},"class_list":["post-142","page","type-page","status-publish","hentry"],"_links":{"self":[{"href":"https:\/\/turic.hr\/index.php?rest_route=\/wp\/v2\/pages\/142","targetHints":{"allow":["GET"]}}],"collection":[{"href":"https:\/\/turic.hr\/index.php?rest_route=\/wp\/v2\/pages"}],"about":[{"href":"https:\/\/turic.hr\/index.php?rest_route=\/wp\/v2\/types\/page"}],"author":[{"embeddable":true,"href":"https:\/\/turic.hr\/index.php?rest_route=\/wp\/v2\/users\/185"}],"replies":[{"embeddable":true,"href":"https:\/\/turic.hr\/index.php?rest_route=%2Fwp%2Fv2%2Fcomments&post=142"}],"version-history":[{"count":0,"href":"https:\/\/turic.hr\/index.php?rest_route=\/wp\/v2\/pages\/142\/revisions"}],"wp:attachment":[{"href":"https:\/\/turic.hr\/index.php?rest_route=%2Fwp%2Fv2%2Fmedia&parent=142"}],"curies":[{"name":"wp","href":"https:\/\/api.w.org\/{rel}","templated":true}]}}