{"id":248,"date":"2014-10-01T20:53:48","date_gmt":"2014-10-01T18:53:48","guid":{"rendered":"http:\/\/pubweb.carnet.hr\/turic\/?page_id=248"},"modified":"2015-10-28T12:31:08","modified_gmt":"2015-10-28T11:31:08","slug":"poezija-o-rodnome-kraju-za-zivot-i-o-zivotu","status":"publish","type":"page","link":"https:\/\/turic.hr\/?page_id=248","title":{"rendered":"Poezija (o rodnome kraju, za \u017eivot, i o \u017eivotu)"},"content":{"rendered":"<h4>Vi ste uvijek bili roblje<\/h4>\n<p>Reko\u0161e nam: &#8220;Vi ste uvijek bili roblje&#8221;,<br \/>\nA povjest va\u0161a nalik je na groblje<br \/>\nNa kome niti pravog kri\u017ea nema;<br \/>\nPonegdje plo\u010da, bez imena, nijema;<br \/>\nI korov svuda! Uza sve su pute<br \/>\nOtaca va\u0161ih kosti razasute!<br \/>\nU rodnu tlu mrtvaca san ne drijemlju:<br \/>\nPognojili su kao \u0111ubre zemlju<br \/>\nI nestade ih pustih&#8230; bez spomena!<br \/>\nSvu pro\u0161lost va\u0161u zastrla je sjena,<br \/>\nI ovio je mrak!&#8221;<\/p>\n<p>Da, to nam ka\u017eu,<br \/>\nA sve u meni na to kli\u010de: La\u017eu!<br \/>\nIako nema raka, spomenika,<br \/>\nZidina, plo\u010da, pergamena, slika,<br \/>\nJa ipak znam \u0161to bje i kako bje.<br \/>\nNe, razasute na sve \u010detir\u2019 strane<br \/>\nVe\u0107 u mom tijelu le\u017ee ukopane<br \/>\nOtaca mojih put i kosti sve!<br \/>\nPropao nije ni duh im ni lik:<br \/>\nPognojili su tlo iz koga nikoh,<br \/>\nNjivu \u0161to gradim, putove \u0161to svikoh:<br \/>\nNjih mrtvih ja sam \u017eivi spomenik!<\/p>\n<p style=\"text-align: left\"><strong>Vladimir Nazor (Postira na Bra\u010du 1876. \u2013 Zagreb 1949.)<\/strong><br \/>\n_____________________________________________<\/p>\n<h4>Isus u posjeti kod nas<\/h4>\n<p><strong>I.<\/strong><br \/>\nO Isuse, kad do\u0111e\u0161, u koliko bilo sati,<br \/>\nu na\u0161 propali i opustjeli dom,<br \/>\ndobrodo\u0161licu tebi \u0107u zapjevati,<br \/>\nskupa sa svojom vedrom sestricom.<br \/>\nPjevaju\u0107i, od tvoje blizine sva bijela,<br \/>\niznijet \u0107e ona preda te so i kruh.<br \/>\nPo starom obi\u010daju na\u0161ih sela,<br \/>\nkada im u ku\u0107u stigne mio duh.<br \/>\nTada \u0107e te moja sestrica odvesti<br \/>\ndo skromnog jela, koje krasi stol.<br \/>\n\u2013 O Isuse dragi, izvoli samo sjesti<br \/>\ni odlo\u017eiti svoj \u0161e\u0161ir i oreol.\u2212<br \/>\nTako \u0107e ti ona re\u0107i i nato \u0107e<br \/>\nstati preda te, u svetom bolu.<br \/>\nI puna \u010diste, nebeske samo\u0107e<br \/>\no klin \u0107e objesiti tvoju aureolu.<br \/>\nNeka nam svu no\u0107 sija, mjesto uljenice,<br \/>\nkoju palimo pred svaki mrak.<br \/>\nOd sjaja \u0107emo kriti svoje lice,<br \/>\nTako \u0107e njen blijesak biti jak.<br \/>\n<strong>II.<\/strong><br \/>\nPoslije \u0107emo te povesti u dvori\u0161te, nose\u0107i<br \/>\nIspred nas tvoje aureole \u017ear.<br \/>\nI pri toj, od nebeskog sjaja svije\u0107i,<br \/>\nPokazat \u0107emo ti pusti na\u0161 hambar.<br \/>\nI staje prazne, u kojima se su\u0161e<br \/>\nOtkosi davni, ko&#8217; cvije\u0107e na groblju.<br \/>\nU pono\u0107i tu do\u0111u mrtvih konja du\u0161e.<br \/>\n\u010cuje\u0161 ih kako nevidljivu zob zoblju.<br \/>\nPokazat \u0107emo ti i stado magle bijele,<br \/>\nKoje se provla\u010di kroz \u017eivicu svje\u017eu.<br \/>\nO Isuse, to na\u0161e ovce izgorjele,<br \/>\nmrtve dolaze i u tor lije\u017eu.<br \/>\nOnda \u0107emo konja jedinog upregnuti,<br \/>\nDa te provozamo kroz na\u0161 mali grad.<br \/>\nNad njim se nebo nisko uvijek muti.<br \/>\nPod njim prigu\u0161eno tutnji vodopad.<br \/>\nAko me upita\u0161, dok na\u0161e staro kljuse<br \/>\nBude pla\u0161ila kraj puta \u0161a\u0161:<br \/>\n&#8211; Koja je ovo zemlja? \u2013 Kazat \u0107u:<br \/>\nO Isuse, pa to je Bosna, ti to zna\u0161.<br \/>\n<strong>III.<\/strong><br \/>\nA poslije, kad i pijetlima bude sneno,<br \/>\nosjetit \u0107emo kako tvoja glava<br \/>\nspu\u0161ta se \u010das na moje rame, \u010das na njeno,<br \/>\nI silno nas obasjava.<br \/>\nI u to doba zemaljskih kasnih sati<br \/>\npjevat \u0107e ti moja sestrica blagim glasom.<br \/>\nO Isuse, ti \u0107e\u0161 tada zadrijemati,<br \/>\nizmoren konja tromim kasom.<br \/>\nI koji put, kad magla bude snje\u017eno<br \/>\nsipila na tvoje sveto ruho,<br \/>\nstavit \u0107e ti na glavu, sasvim nje\u017eno,<br \/>\noreol, koji ti je pao na jedno uho.<\/p>\n<p><strong>Nikola \u0160op, (Jajce, BiH, 1904. \u2013 Zagreb 1982.)<\/strong><br \/>\n___________________________________________________<\/p>\n<h4>Ve\u010de u polju<\/h4>\n<p><strong>I.<\/strong><br \/>\nPognuta vrba, ko&#8217; stara majka,<br \/>\nmr\u0161avom rukom na molitvu dade znak.<br \/>\nI svud umuknu \u0161um trave i brbljava \u0161a\u0161.<br \/>\nTada se najstariji popac iz grma javi<br \/>\ni pred svima moli O\u010dena\u0161.<br \/>\nA \u0161ume i trave pobo\u017eno odgovaraju.<br \/>\nI bra\u0107a njegova \u0161to kle\u010de u travi.<br \/>\nA ja prognanik iz grada osamljeni<br \/>\nslu\u0161am te ponizne zvuke,<br \/>\npa glave prignute i pun svete ve\u010deri,<br \/>\nne znam da sam i ja sklopio ruke.<br \/>\n<strong>II.<\/strong><br \/>\nKad se svr\u0161i tiha molitva, sve se opet<br \/>\nna svoj ve\u010dernji posao vrati.<br \/>\nZa\u0161umi rosno kro\u0161nja nada mnom.<br \/>\nI \u0161ume, \u0161to su molile, umuknu dugim snom.<br \/>\nGrmlje po obroncima opet prikuplja mrak.<br \/>\nA mjese\u010deva u\u017earena plitica zasija.<br \/>\nStri\u010dak stri\u010dku nastavi da pri\u010du pri\u010da.<br \/>\nA stara vrba opet nad vodom vla\u017enu maglu \u010dija.<\/p>\n<p><strong>Nikola \u0160op, (Jajce, BiH, 1904. \u2013 Zagreb 1982.)<\/strong><br \/>\n___________________________________________________<\/p>\n<h4>Tebe zove djedovo ognji\u0161te<\/h4>\n<p>Znaj, du\u017ean si djedu i pradjedu<\/p>\n<p>I mnogima jo\u0161 i vi\u0161e.<br \/>\nZato vrati \u0161to si du\u017ean,<br \/>\nI do\u0111i &#8211; jer zaborav tebe bri\u0161e.<\/p>\n<p>Najvi\u0161e si du\u017ean meni:<br \/>\nZato reci gdje su bili<br \/>\nMe\u0111a, bunar i dvori\u0161te?<br \/>\nA gdje potok bistri, \u010dili?<\/p>\n<p>Reci tata, gdje je \u0161ljiva ranka<br \/>\nNa koju si mla\u0111an se peo?<br \/>\nJo\u0161 u meni \u017eive, zovu tre\u0161nje<br \/>\nKoje si zelene brao.<\/p>\n<p>Unucima svojim nosim<br \/>\nDunju \u0161to je na ormaru zrila,<br \/>\n&#8211; I zvala me, bako, zvala&#8230;<br \/>\nKad se nisam ni rodila.<\/p>\n<p>Vidim put, budu\u0107nost vidim,<br \/>\nOn je ljubav, mir i dobro.<br \/>\nNjemu stremi djedovo ognji\u0161te<br \/>\nI zove me snagom svom.<br \/>\nZagrlit \u0107u stopu zemlje<br \/>\nNa ovome svetom tlu,<br \/>\nPoklonit&#8217; se djedovini,<br \/>\nNeka suza kane na kam vreli<br \/>\nI zazvoni, i zagrmi:<br \/>\n&#8211; Djede, bako, tu sam na ognji\u0161tu,<br \/>\nU srcu &#8211; dobrota, to nek&#8217; se pamti!<\/p>\n<p>Ho\u0107u s vama iza ku\u0107e<br \/>\nNa\u0107i ono pti\u010de malo<br \/>\n\u0160to u snijegu je zaspalo,<br \/>\nA zvalo me da ga spasim<br \/>\nOd sve dubljeg zaborava.<\/p>\n<p>Ljudskim glasom mi \u0161apnulo:<br \/>\n&#8211; Klekni! I reci! &#8211; Ja, dijete i \u010dovjek,<br \/>\nVjerujem u svom malom djevoja\u010dkom srcu:<br \/>\nSvoj na svome, uz dobrog brata i susjeda,<br \/>\nTkat \u0107e ljubav, mir i dobro!<\/p>\n<p>Ja sam ljubav!<br \/>\nJa sam mir!<br \/>\nJa sam dobro!<br \/>\nZagrljeni smo &#8211; trajanje!<\/p>\n<p><strong>Slavko Oluji\u0107, Zagreb<\/strong><br \/>\n___________________________________________________<\/p>\n<h4>Pri\u010da<\/h4>\n<p>Da ne umru, Kriste, stare uspomene<br \/>\nkad je majka okom nad kolijevkom sjala<br \/>\nkad je divna sre\u0107a pod uzglavljem cvala<br \/>\nneka Ti je ova zahvalnost od mene.<\/p>\n<p>Sa zida gledahu tvoje o\u010di svete<br \/>\npa kad opak bijah il&#8217; se ne dah prati<br \/>\nteto\u0161enjem blagim grozila se mati:<br \/>\ndobar budi, Gospodin Isus \u0107e te!<\/p>\n<p>Kasnije sam nepismenoj baki<br \/>\n\u010ditao Tvoju slavnu muku<br \/>\nza koko\u0161je jaje, za blagost njenih ruku,<br \/>\nda zlo\u0107e moje u zaborav baci.<\/p>\n<p>Ti si punio tavan zrnjem, podrum krumpirom<br \/>\nkako je bio sladak kruh iz Tvojega bra\u0161nal<br \/>\nZbog Tebe se \u010desto prosja\u010dka noga pra\u0161na<br \/>\nokrijepila u ku\u0107i ve\u010derom i mirom.<\/p>\n<p>Ja to nisam \u017eivio, to sam ja tek sanjao<br \/>\no dje\u010daku s drvenim igra\u010dkama<br \/>\no toplom kaminu, o dobrim ma\u010dkarna<br \/>\no pijetlu kojega sam dvori\u0161tem ganjao.<\/p>\n<p>Danas, kad je \u017eivot tu, o\u0161triji od bi\u010da<br \/>\nja rado pitam stare sanovnike<br \/>\n\u0161to zna\u010de svi ti sni i davne slike &#8230;<br \/>\nsanovnici mudro \u0161ute, ostaje pri\u010da.<\/p>\n<p><strong>Luka Perkovi\u0107 (Mali Kut, Lika, 1900. \u2013 Klenovnik 1948.)<\/strong><br \/>\n___________________________________________________<\/p>\n<h4>Domovini!<\/h4>\n<p>Gori nebo visoko,<\/p>\n<p>Dolje more duboko,<br \/>\nA ja u sredini<br \/>\nNo\u0107noj u ti\u0161ini<br \/>\nMislim na te, ma jedina<br \/>\nPremilena domovina!<\/p>\n<p>Slabe barke smjeli let<br \/>\nU daleki strani svijet;<br \/>\nU njem&#8217; strani ljudi,<br \/>\nJezik stran i \u0107udi;<br \/>\nA u tebi sve poznano,<br \/>\nDo\u0161o&#8217; kasno ili rano.<\/p>\n<p>Tko te ne bi ljubio,<br \/>\nU te do\u0107i \u017eudio,<br \/>\nBilo bi s kamena,<br \/>\nSrca nesmiljena!<br \/>\nZalud sunce drugdje sija,<br \/>\nMoje srce ne razgrija!<\/p>\n<p>Nemoj, buro, bjesniti,<br \/>\nSmjeli brod mi slomiti,<br \/>\nNu, ako se skr\u0161i<br \/>\nI moj \u017eivot svr\u0161i,<br \/>\nTad dones&#8217;te, vi valovi,<br \/>\nMiloj zemlji cjelov ovi!<\/p>\n<p><strong>Antun Nem\u010di\u0107 (Edeu, Ma\u0111arska, 1813. \u2013 Kri\u017eevci 1849.)<\/strong><br \/>\n___________________________________________________<br \/>\n___________________________________________________<\/p>\n","protected":false},"excerpt":{"rendered":"<p>Vi ste uvijek bili roblje Reko\u0161e nam: &#8220;Vi ste uvijek bili roblje&#8221;, A povjest va\u0161a nalik je na groblje Na kome niti pravog kri\u017ea nema; Ponegdje plo\u010da, bez imena, nijema; I korov svuda! Uza sve su pute Otaca va\u0161ih kosti razasute! U rodnu tlu mrtvaca san ne drijemlju: Pognojili su kao \u0111ubre zemlju I nestade [&hellip;]<\/p>\n","protected":false},"author":185,"featured_media":0,"parent":0,"menu_order":0,"comment_status":"closed","ping_status":"closed","template":"","meta":{"footnotes":""},"class_list":["post-248","page","type-page","status-publish","hentry"],"_links":{"self":[{"href":"https:\/\/turic.hr\/index.php?rest_route=\/wp\/v2\/pages\/248","targetHints":{"allow":["GET"]}}],"collection":[{"href":"https:\/\/turic.hr\/index.php?rest_route=\/wp\/v2\/pages"}],"about":[{"href":"https:\/\/turic.hr\/index.php?rest_route=\/wp\/v2\/types\/page"}],"author":[{"embeddable":true,"href":"https:\/\/turic.hr\/index.php?rest_route=\/wp\/v2\/users\/185"}],"replies":[{"embeddable":true,"href":"https:\/\/turic.hr\/index.php?rest_route=%2Fwp%2Fv2%2Fcomments&post=248"}],"version-history":[{"count":0,"href":"https:\/\/turic.hr\/index.php?rest_route=\/wp\/v2\/pages\/248\/revisions"}],"wp:attachment":[{"href":"https:\/\/turic.hr\/index.php?rest_route=%2Fwp%2Fv2%2Fmedia&parent=248"}],"curies":[{"name":"wp","href":"https:\/\/api.w.org\/{rel}","templated":true}]}}